{"id":40,"date":"2011-11-28T22:04:41","date_gmt":"2011-11-28T21:04:41","guid":{"rendered":"http:\/\/ubv-sok.de\/wordpress\/?page_id=40"},"modified":"2014-10-26T17:27:28","modified_gmt":"2014-10-26T16:27:28","slug":"saaleradwanderweg","status":"publish","type":"page","link":"https:\/\/ubv-sok.de\/?page_id=40","title":{"rendered":"Saaleradwanderweg"},"content":{"rendered":"<h3><strong>Saaleradwanderweg (Videos)<\/strong><\/h3>\n<p><a href=\"http:\/\/www.youtube.com\/watch?feature=player_embedded&amp;v=wimafMDa0Z4\">Saale-Radweg rechts der Saale von Burgk \u00fcber Grochwitz und D\u00f6rflas nach Walsburg (Teil 1)<\/a><\/p>\n<p><a href=\"http:\/\/www.youtube.com\/watch?v=hmSbJ0fUQtA&amp;feature=player_embedded\">Saale-Radweg rechts der Saale von Burgk \u00fcber Grochwitz und D\u00f6rflas nach Walsburg (Teil 2)<\/a><\/p>\n<p><a href=\"http:\/\/www.youtube.com\/watch?v=Lj7yT-iLNSs&amp;feature=player_embedded\">Saale-Radweg links der Saale von Burgk \u00fcber nach Walsburg (Teil 1)<\/a><\/p>\n<p><a href=\"http:\/\/www.youtube.com\/watch?v=r479xwpqyuk&amp;feature=player_embedded\">Saale-Radweg links der Saale von Burgk \u00fcber nach Walsburg (Teil 2)<\/a><\/p>\n<p><iframe src=\"http:\/\/www.facebook.com\/plugins\/like.php?href=http%3A%2F%2Fubv-sok.de\/wordpress\/?page_id=40&amp;layout=standard&amp;show_faces=true&amp;width=450&amp;action=like&amp;colorscheme=light&amp;height=80\" scrolling=\"no\" frameborder=\"0\" style=\"border:none; overflow:hidden; width:100%; height:80px;\" allowTransparency=\"true\"><\/iframe><\/p>\n","protected":false},"excerpt":{"rendered":"<p>Saaleradwanderweg (Videos) Saale-Radweg rechts der Saale von Burgk \u00fcber Grochwitz und D\u00f6rflas nach Walsburg (Teil 1) Saale-Radweg rechts der Saale von Burgk \u00fcber Grochwitz und D\u00f6rflas nach Walsburg (Teil 2) Saale-Radweg links der Saale von Burgk \u00fcber nach Walsburg (Teil 1) Saale-Radweg links der Saale von Burgk \u00fcber nach Walsburg (Teil 2)<\/p>\n","protected":false},"author":2,"featured_media":0,"parent":463,"menu_order":20,"comment_status":"open","ping_status":"closed","template":"","meta":{"footnotes":""},"class_list":["post-40","page","type-page","status-publish","hentry"],"_links":{"self":[{"href":"https:\/\/ubv-sok.de\/index.php?rest_route=\/wp\/v2\/pages\/40","targetHints":{"allow":["GET"]}}],"collection":[{"href":"https:\/\/ubv-sok.de\/index.php?rest_route=\/wp\/v2\/pages"}],"about":[{"href":"https:\/\/ubv-sok.de\/index.php?rest_route=\/wp\/v2\/types\/page"}],"author":[{"embeddable":true,"href":"https:\/\/ubv-sok.de\/index.php?rest_route=\/wp\/v2\/users\/2"}],"replies":[{"embeddable":true,"href":"https:\/\/ubv-sok.de\/index.php?rest_route=%2Fwp%2Fv2%2Fcomments&post=40"}],"version-history":[{"count":5,"href":"https:\/\/ubv-sok.de\/index.php?rest_route=\/wp\/v2\/pages\/40\/revisions"}],"predecessor-version":[{"id":486,"href":"https:\/\/ubv-sok.de\/index.php?rest_route=\/wp\/v2\/pages\/40\/revisions\/486"}],"up":[{"embeddable":true,"href":"https:\/\/ubv-sok.de\/index.php?rest_route=\/wp\/v2\/pages\/463"}],"wp:attachment":[{"href":"https:\/\/ubv-sok.de\/index.php?rest_route=%2Fwp%2Fv2%2Fmedia&parent=40"}],"curies":[{"name":"wp","href":"https:\/\/api.w.org\/{rel}","templated":true}]}}