{"id":38,"date":"2011-11-28T22:02:39","date_gmt":"2011-11-28T21:02:39","guid":{"rendered":"http:\/\/ubv-sok.de\/wordpress\/?page_id=38"},"modified":"2024-03-02T23:22:35","modified_gmt":"2024-03-02T22:22:35","slug":"raumnot-goetheschule","status":"publish","type":"page","link":"https:\/\/ubv-sok.de\/?page_id=38","title":{"rendered":"Raumnot Goetheschule"},"content":{"rendered":"<p align=\"center\"><strong>Redebeitrag von Andreas Scheffczyk f\u00fcr die Fraktion der UBV zur Sitzung des Kreistages des Saale-Orla-Kreises am 01.11.2010<\/strong><\/p>\n<p align=\"center\"><strong>Akute Raumnot<\/strong><strong> an der Regelschule<br \/>\n\u201eJohann Wolfgang von Goethe\u201c in Schleiz!<\/strong><\/p>\n<p>\u00a0<strong>Wir, die Kreistagsmitglieder, m\u00fcssen sofort\u00a0 handeln, damit die Sch\u00fcler dieser Schule endlich unter guten Bedingungen lernen k\u00f6nnen. <\/strong><\/p>\n<p><strong>Weitere Unt\u00e4tigkeit w\u00e4re unverantwortlich!<\/strong><\/p>\n<p align=\"center\">Wichtige Geschehnisse<\/p>\n<ul>\n<li>Im Schulnetzplan <em>2003\/2004 \u2013 2007\/2008<\/em> wurde die Kapazit\u00e4t der Goetheschule noch mit \u201e<strong>max. Zweiz\u00fcgigkeit Klassen 5 \u2013 10\u201c <\/strong>festgelegt. Weiter wurde festgelegt: \u201e<strong>Das Geb\u00e4ude wird 2003 bis 2005 generalsaniert. 2004 fusioniert die Regelschule I mit den Regelschulen II Schleiz und Oettersdorf an diesem Standort.<\/strong>\u201c<br \/>\nAu\u00dferdem wurden die Schuleinzugsbereiche abgeschafft.<\/li>\n<\/ul>\n<ul>\n<li>In der Schulnetzplanung <em>ab 2004\/2005<\/em> (also schon 1 Jahr sp\u00e4ter) wurden f\u00fcr das Jahr 2004 f\u00fcr <strong>18 Klassen mit\u00a0 442 Sch\u00fclern 16 Unterrichtsr\u00e4ume (davon 6 Fachr\u00e4ume) in der\u00a0 Goetheschule ausgewiesen<\/strong>.<\/li>\n<\/ul>\n<ul>\n<li>Bef\u00fcrchtungen der UBV-Fraktion, dass der Platz in der Goetheschule zur Aufnahme der Sch\u00fcler bei der Fusion der Schulen nicht ausreichen wird, wurden von Landrat Frank Ro\u00dfner\u00a0 in den Kreistagssitzungen zu den Schulnetzpl\u00e4nen immer kategorisch zur\u00fcckgewiesen.<\/li>\n<\/ul>\n<ul>\n<li>Mit Schreiben vom 28. Juni 2004 erh\u00e4lt der Landkreis vom Th\u00fcringer Kultusministerium von Herrn Siegfried Trojahn einen Zuwendungsbescheid \u00fcber\u00a0 eine F\u00f6rderung von 1.811.700,00 \u20ac zweckgebunden f\u00fcr <strong>die Renovierung der Regelschule Schleiz einschlie\u00dflich des Neubaus eines Mehrzweckraums (Aula)<\/strong>.<\/li>\n<\/ul>\n<ul>\n<li>Mit Schreiben vom 16.02.2005 erh\u00e4lt der Landkreis ein Schreiben vom Th\u00fcringer Ministerium f\u00fcr Bau und Verkehr von Herrn Siegfried Trojahn \u00fcber die \u00c4nderung des vom Kultusministerium genehmigten Raumprogramms.<br \/>\nIn der dazugeh\u00f6rigen Anlage wird festgestellt, dass die Raumfl\u00e4che der Schulbauempfehlung entspricht, obwohl die <strong>tats\u00e4chliche Raumfl\u00e4che <\/strong>von ca. 1540 m\u00b2<strong> nur ca. die H\u00e4lfte des Sollwertes\u00a0 lt. Schulbauempfehlung<\/strong> (2980 m\u00b2)\u00a0 betr\u00e4gt.<\/li>\n<\/ul>\n<ul>\n<li>Am 16.04.2007 beschlie\u00dft der Kreistag die <strong>Schlie\u00dfung der Regelschule Ziegenr\u00fcck <\/strong>zum 31.07.2007.<\/li>\n<\/ul>\n<ul>\n<li>Im Schulnetzplan 2008\/09 \u2013 2012\/13 wird erstmals die Kapazit\u00e4tsobergrenze als <strong>3-z\u00fcgig <\/strong>festgelegt. Jedoch bleiben Sch\u00fcler der geschlossenen Regelschule Ziegenr\u00fcck bei der Planung f\u00fcr die Goetheschule unber\u00fccksichtigt. Doch die Auswirkungen sind schwerwiegend f\u00fcr die Goetheschule, wie folgende \u00dcbersicht zeigt:<\/li>\n<\/ul>\n<p>Folgen:<strong>\u00a0\u00a0\u00a0 <\/strong><\/p>\n<div align=\"center\">\n<table border=\"1\" cellspacing=\"0\" cellpadding=\"0\">\n<tbody>\n<tr>\n<td valign=\"top\" width=\"85\">Klassen-stufen<strong><\/strong><\/td>\n<td valign=\"top\" width=\"83\">Sch\u00fcler-zahlen<strong><\/strong><\/td>\n<td valign=\"top\" width=\"136\">Zug\u00e4ngeaus Ziegenr\u00fcck<strong><\/strong><\/td>\n<td valign=\"top\" width=\"85\">Klassenzahl<strong><br \/>\n<\/strong><\/td>\n<\/tr>\n<tr>\n<td valign=\"top\" width=\"85\">\n<p align=\"center\"><strong>5<\/strong><\/p>\n<\/td>\n<td valign=\"top\" width=\"83\">\n<p align=\"center\"><strong>58<\/strong><\/p>\n<\/td>\n<td valign=\"top\" width=\"136\">\n<p align=\"center\"><strong>5<\/strong><\/p>\n<\/td>\n<td valign=\"top\" width=\"85\">\n<p align=\"center\"><strong>3<\/strong><\/p>\n<\/td>\n<\/tr>\n<tr>\n<td valign=\"top\" width=\"85\">\n<p align=\"center\"><strong>6<\/strong><\/p>\n<\/td>\n<td valign=\"top\" width=\"83\">\n<p align=\"center\"><strong>88<\/strong><\/p>\n<\/td>\n<td valign=\"top\" width=\"136\">\n<p align=\"center\"><strong>13<\/strong><\/p>\n<\/td>\n<td valign=\"top\" width=\"85\">\n<p align=\"center\"><strong>4<\/strong><\/p>\n<\/td>\n<\/tr>\n<tr>\n<td valign=\"top\" width=\"85\">\n<p align=\"center\"><strong>7<\/strong><\/p>\n<\/td>\n<td valign=\"top\" width=\"83\">\n<p align=\"center\"><strong>76<\/strong><\/p>\n<\/td>\n<td valign=\"top\" width=\"136\">\n<p align=\"center\"><strong>11<\/strong><\/p>\n<\/td>\n<td valign=\"top\" width=\"85\">\n<p align=\"center\"><strong>3<\/strong><\/p>\n<\/td>\n<\/tr>\n<tr>\n<td valign=\"top\" width=\"85\">\n<p align=\"center\"><strong>8<\/strong><\/p>\n<\/td>\n<td valign=\"top\" width=\"83\">\n<p align=\"center\"><strong>65<\/strong><\/p>\n<\/td>\n<td valign=\"top\" width=\"136\">\n<p align=\"center\"><strong>10<\/strong><\/p>\n<\/td>\n<td valign=\"top\" width=\"85\">\n<p align=\"center\"><strong>3<\/strong><\/p>\n<\/td>\n<\/tr>\n<tr>\n<td valign=\"top\" width=\"85\">\n<p align=\"center\"><strong>9<\/strong><\/p>\n<\/td>\n<td valign=\"top\" width=\"83\">\n<p align=\"center\"><strong>50<\/strong><\/p>\n<\/td>\n<td valign=\"top\" width=\"136\">\n<p align=\"center\"><strong>1<\/strong><\/p>\n<\/td>\n<td valign=\"top\" width=\"85\">\n<p align=\"center\"><strong>2<\/strong><\/p>\n<\/td>\n<\/tr>\n<tr>\n<td valign=\"top\" width=\"85\">\n<p align=\"center\"><strong>10<\/strong><\/p>\n<\/td>\n<td valign=\"top\" width=\"83\">\n<p align=\"center\"><strong>46<\/strong><\/p>\n<\/td>\n<td valign=\"top\" width=\"136\">\n<p align=\"center\"><strong>5<\/strong><\/p>\n<\/td>\n<td valign=\"top\" width=\"85\">\n<p align=\"center\"><strong>2<\/strong><\/p>\n<\/td>\n<\/tr>\n<\/tbody>\n<\/table>\n<\/div>\n<p>Durch die Sch\u00fcler aus dem Einzugsbereich Ziegenr\u00fcck mussten an unserer Schule <strong>drei Klassen zus\u00e4tzlich <\/strong>gebildet werden!<\/p>\n<p>Pr\u00e4sentation zum \u201eRunden Tisch in der Staatlichen Regelschule \u201eJohann Wolfgang von Goethe\u201c, Schleiz, am 28.09.2010<\/p>\n<ul>\n<li>In Vorbereitung des Schuljahres 2009\/2010 teilt die Schulleiterin Frau Schlange\u00a0 mit Schreiben vom 05.01.2009 dem Schultr\u00e4ger und\u00a0 auch dem Schulamtsleiter, Herrn F\u00fcgmann, schriftlich mit, dass nicht mehr alle Sch\u00fcler aufgenommen werden k\u00f6nnen. Ein durch die Schulverwaltung angeordnetes und auch weitergef\u00fchrtes\u00a0 Auswahlverfahren wurde durch das pers\u00f6nliche Eingreifen von Landrat Ro\u00dfner\u00a0 abgebrochen. Landrat Ro\u00dfner l\u00e4sst \u00fcber einen Presseartikel in der \u201eOstth\u00fcringer Zeitung\u201c am 23.03.2009 erkl\u00e4ren, dass alle Anmeldungen ber\u00fccksichtigt werden und die Kapazit\u00e4tsgrenze der Schule noch nicht erreicht ist.<\/li>\n<\/ul>\n<ul>\n<li>Seit dem Schuljahr 2009\/2010 m\u00fcssen Klassen aus Kapazit\u00e4tsgr\u00fcnden <strong>au\u00dferhalb des Geb\u00e4udes der Goetheschule unterrichtet werden<\/strong>. Der Unterricht findet in R\u00e4umen\u00a0 der ehemaligen F\u00f6rderschule am Kirchplatz in Schleiz statt.<\/li>\n<\/ul>\n<ul>\n<li>Diese Nutzung steht aber zu Beginn des n\u00e4chsten Schuljahres (2011\/2012) aus Gr\u00fcnden des Brandschutzes nicht mehr zur Verf\u00fcgung.<\/li>\n<\/ul>\n<ul>\n<li>Somit besteht akute Raumnot zu Beginn des Schuljahres 2011\/2012 und in den Folgejahren. Der ordnungsgem\u00e4\u00dfe Schulbetrieb einer dreiz\u00fcgigen Ganztagsschule ist unter diesen Bedingungen \u00fcberhaupt nicht mehr realisierbar.<\/li>\n<\/ul>\n<p align=\"center\"><strong>L\u00f6sungsm\u00f6glichkeiten<br \/>\n<\/strong><\/p>\n<p><strong>Variante 1<\/strong><strong>:<\/strong><\/p>\n<p><strong>Die Goetheschule wird wie geplant als dreiz\u00fcgige Regelschule mit Ganztagsschulbetrieb ausgebaut.<\/strong><\/p>\n<ul>\n<li>In diesem Fall sollten als \u201eNotl\u00f6sung\u201c\u00a0 sofort im Dachgeschoss mindestens zwei R\u00e4ume geschaffen werden.<br \/>\n<img loading=\"lazy\" decoding=\"async\" src=\"https:\/\/ubv-sok.de\/bilder\/goethe1.JPG\" alt=\"\" width=\"584\" height=\"438\" \/><br \/>\n<img loading=\"lazy\" decoding=\"async\" src=\"https:\/\/ubv-sok.de\/bilder\/goethe2.JPG\" alt=\"\" width=\"581\" height=\"435\" \/><\/li>\n<\/ul>\n<ul>\n<li>Au\u00dferdem muss die Schule um die notwendigen R\u00e4umlichkeiten au\u00dferhalb der derzeitigen Geb\u00e4udeh\u00fclle erweitert werden. Dies ist wahrscheinlich nur durch Ankauf der Grundst\u00fccke auf denen sich die ehemalige Schulk\u00fcche und die ehemaligen Werkr\u00e4ume befinden m\u00f6glich. Diese Grundst\u00fccke sind unmittelbar angrenzend an die Goetheschule.<img loading=\"lazy\" decoding=\"async\" src=\"https:\/\/ubv-sok.de\/bilder\/goethe3.JPG\" alt=\"\" width=\"574\" height=\"430\" \/><\/li>\n<\/ul>\n<ul>\n<li>Dies w\u00fcrde auch die M\u00f6glichkeit der Schaffung eines gr\u00f6\u00dferen Mehrzweckraumes(Aula) und einer K\u00fcche mit Speiseraum bieten. Eine Aula fehlt bisher, ist aber f\u00fcr eine Ganztagsschule dringend notwendig. Die jetzige K\u00fcche und der Speiseraum sind durch Bausch\u00e4den trotz aufwendiger Sanierung eigentlich nicht mehr nutzbar.<img loading=\"lazy\" decoding=\"async\" src=\"https:\/\/ubv-sok.de\/bilder\/goethe4.JPG\" alt=\"\" width=\"570\" height=\"428\" \/><img loading=\"lazy\" decoding=\"async\" src=\"https:\/\/ubv-sok.de\/bilder\/goethe5.JPG\" alt=\"\" width=\"570\" height=\"426\" \/><\/li>\n<\/ul>\n<p>Finanzielle Mittel sollten nicht in Ma\u00dfnahmen zur Beseitigung dieser Sch\u00e4den, die immer wieder aller 3 bis 5 Jahre wiederholt werden m\u00fcssen, flie\u00dfen, sondern dauerhaften L\u00f6sungen dienen.<\/p>\n<ul>\n<li>Keine L\u00f6sung f\u00fcr diese Variante stellt die Auslagerung von Klassen in andere R\u00e4umlichkeiten dar.<\/li>\n<\/ul>\n<p>In diesem Zusammenhang sollte die Meinung der Goetheschule zu dieser Problematik Beachtung und Anerkennung finden:<\/p>\n<p>&nbsp;<\/p>\n<p><strong>Gr\u00fcnde, die aus Sicht der Schule gegen eine Auslagerung sprechen:<\/strong><\/p>\n<p>1) kein Kontakt mehr zur Schulgemeinschaft<br \/>\n2) Minderung der Unterrichtsqualit\u00e4t<br \/>\n3) Zielvereinbarung \u201eEigenverantwortliche Schule\u201c kann nicht mehr erf\u00fcllt werden, da<br \/>\ndie Unterrichtsqualit\u00e4t gemindert w\u00e4re<br \/>\n4) Abschaffung des Fachlehrerprinzips aus schulorganisatorischen Gr\u00fcnden<br \/>\n5) keine Gew\u00e4hrleistung von Ordnung, Sicherheit und Aufsicht<br \/>\n6) Belastung f\u00fcr Fahrsch\u00fcler besonders gro\u00df (Fahrzeiten, Wege zu Sportst\u00e4tten, \u2026)<\/p>\n<p>Pr\u00e4sentation zum \u201eRunden Tisch in der Staatlichen Regelschule \u201eJohann Wolfgang von Goethe\u201c, Schleiz, am 28.09.2010<\/p>\n<p><strong>Variante 2<\/strong><strong>:<\/strong><\/p>\n<p><strong>Die Goetheschule wird als zweiz\u00fcgige Regelschule weitergef\u00fchrt.<\/strong><\/p>\n<ul>\n<li>Auch in diesem Fall m\u00fcssten L\u00f6sungen f\u00fcr die fehlende Aula und die Problematik der K\u00fcche und des Speiseraumes gefunden werden.<\/li>\n<li>Nat\u00fcrlich m\u00fcsste dann aufgrund der niedrigeren Sch\u00fclerzahlen gekl\u00e4rt werden, welche Sch\u00fcler die Goetheschule verlassen m\u00fcssen und wo diese beschult werden.<br \/>\nDie Folge w\u00e4re mit hoher Wahrscheinlichkeit, dass eine der geschlossenen Schulen (z.B. Ziegenr\u00fcck) wiederer\u00f6ffnet werden m\u00fcsste oder ein Schulneubau erfolgt.<\/li>\n<\/ul>\n<p><strong>Unser Ergebnis:<\/strong><strong><\/strong><\/p>\n<p>Die Fraktion der UBV bef\u00fcrwortet die erste Variante. Wir w\u00e4ren bereit, sofern das Mehrheiten heute finden k\u00f6nnte, den Text unseres Antrages entsprechend abzu\u00e4ndern:<\/p>\n<p>\u201eDer Landrat wird beauftragt mit dem Haushalt 2011\/2012 daf\u00fcr zu sorgen, dass den Sch\u00fclern der Regelschule Johann Wolfgang von Goethe in Schleiz, die im Rahmen des Ganztagsschulkonzeptes notwendigen R\u00e4umlichkeiten f\u00fcr eine dreiz\u00fcgige Regelschule auch tats\u00e4chlich zur Verf\u00fcgung stehen. Dazu ist als Sofortl\u00f6sung der Dachboden so auszubauen, dass R\u00e4ume bereits zum Schuljahresbeginn 2011\/2012 nutzbar sind. Desweiteren ist zur Gesamtl\u00f6sung ein Erg\u00e4nzungsbau auf dem unmittelbar an diese Schule angrenzenden Grundst\u00fcck Schulplatz 3-4 zu errichten.\u201c<br \/>\n<iframe src=\"http:\/\/www.facebook.com\/plugins\/like.php?href=http%3A%2F%2Fubv-sok.de\/wordpress\/?page_id=38&amp;layout=standard&amp;show_faces=true&amp;width=450&amp;action=like&amp;colorscheme=light&amp;height=80\" scrolling=\"no\" frameborder=\"0\" style=\"border:none; overflow:hidden; width:100%; height:80px;\" allowTransparency=\"true\"><\/iframe><\/p>\n","protected":false},"excerpt":{"rendered":"<p>Redebeitrag von Andreas Scheffczyk f\u00fcr die Fraktion der UBV zur Sitzung des Kreistages des Saale-Orla-Kreises am 01.11.2010 Akute Raumnot an der Regelschule \u201eJohann Wolfgang von Goethe\u201c in Schleiz! \u00a0Wir, die Kreistagsmitglieder, m\u00fcssen sofort\u00a0 handeln, damit die Sch\u00fcler dieser Schule endlich unter guten Bedingungen lernen k\u00f6nnen. Weitere Unt\u00e4tigkeit w\u00e4re unverantwortlich! Wichtige Geschehnisse Im Schulnetzplan 2003\/2004 \u2013 [&hellip;]<\/p>\n","protected":false},"author":2,"featured_media":0,"parent":463,"menu_order":18,"comment_status":"open","ping_status":"closed","template":"","meta":{"footnotes":""},"class_list":["post-38","page","type-page","status-publish","hentry"],"_links":{"self":[{"href":"https:\/\/ubv-sok.de\/index.php?rest_route=\/wp\/v2\/pages\/38","targetHints":{"allow":["GET"]}}],"collection":[{"href":"https:\/\/ubv-sok.de\/index.php?rest_route=\/wp\/v2\/pages"}],"about":[{"href":"https:\/\/ubv-sok.de\/index.php?rest_route=\/wp\/v2\/types\/page"}],"author":[{"embeddable":true,"href":"https:\/\/ubv-sok.de\/index.php?rest_route=\/wp\/v2\/users\/2"}],"replies":[{"embeddable":true,"href":"https:\/\/ubv-sok.de\/index.php?rest_route=%2Fwp%2Fv2%2Fcomments&post=38"}],"version-history":[{"count":8,"href":"https:\/\/ubv-sok.de\/index.php?rest_route=\/wp\/v2\/pages\/38\/revisions"}],"predecessor-version":[{"id":1010,"href":"https:\/\/ubv-sok.de\/index.php?rest_route=\/wp\/v2\/pages\/38\/revisions\/1010"}],"up":[{"embeddable":true,"href":"https:\/\/ubv-sok.de\/index.php?rest_route=\/wp\/v2\/pages\/463"}],"wp:attachment":[{"href":"https:\/\/ubv-sok.de\/index.php?rest_route=%2Fwp%2Fv2%2Fmedia&parent=38"}],"curies":[{"name":"wp","href":"https:\/\/api.w.org\/{rel}","templated":true}]}}