{"id":368,"date":"2014-10-25T17:59:52","date_gmt":"2014-10-25T16:59:52","guid":{"rendered":"http:\/\/ubv-sok.de\/wordpress\/?page_id=368"},"modified":"2024-03-03T11:47:50","modified_gmt":"2024-03-03T10:47:50","slug":"aktuell-antrag-zur-beteiligung-der-schulkonferenzen-bei-der-errichtung-des-schulzentrums-in-bad-lobenstein-fur-die-sitzung-des-kreistages-am-03-02-2014","status":"publish","type":"page","link":"https:\/\/ubv-sok.de\/?page_id=368","title":{"rendered":"Schulzentrum LBS Sitzung Kreistag 03.02.2014"},"content":{"rendered":"<p>Beauftragung zur Einholung von Stellungnahmen der Schulkonferenzen im Zusammenhang mit der Errichtung des Schulzentrums in Bad Lobenstein<\/p>\n<p>Der Kreistag m\u00f6ge beschlie\u00dfen:<\/p>\n<p>\u201eDer Landrat wird beauftragt, den durch die Errichtung des Schulzentrums in Bad Lobenstein betroffenen Schulen Gelegenheit zu vorherigen Stellungnahmen entsprechend \u00a7 38 Absatz 3 Th\u00fcringer Schulgesetz zu geben. Zur Vorbereitung der Beratungen der Schulkonferenzen hat der Landrat, diese schriftlich \u00fcber die geplanten Ma\u00dfnahmen im Zusammenhang mit der Errichtung des Schulzentrums und deren Auswirkungen zu informieren. Das Anschreiben an die Schulkonferenzen und die eingegangenen Stellungnahmen sind dem Kreistag in seiner n\u00e4chsten Sitzung vorzulegen.\u201c<\/p>\n","protected":false},"excerpt":{"rendered":"<p>Beauftragung zur Einholung von Stellungnahmen der Schulkonferenzen im Zusammenhang mit der Errichtung des Schulzentrums in Bad Lobenstein Der Kreistag m\u00f6ge beschlie\u00dfen: \u201eDer Landrat wird beauftragt, den durch die Errichtung des Schulzentrums in Bad Lobenstein betroffenen Schulen Gelegenheit zu vorherigen Stellungnahmen entsprechend \u00a7 38 Absatz 3 Th\u00fcringer Schulgesetz zu geben. Zur Vorbereitung der Beratungen der Schulkonferenzen [&hellip;]<\/p>\n","protected":false},"author":2,"featured_media":0,"parent":901,"menu_order":10,"comment_status":"open","ping_status":"closed","template":"","meta":{"footnotes":""},"class_list":["post-368","page","type-page","status-publish","hentry"],"_links":{"self":[{"href":"https:\/\/ubv-sok.de\/index.php?rest_route=\/wp\/v2\/pages\/368","targetHints":{"allow":["GET"]}}],"collection":[{"href":"https:\/\/ubv-sok.de\/index.php?rest_route=\/wp\/v2\/pages"}],"about":[{"href":"https:\/\/ubv-sok.de\/index.php?rest_route=\/wp\/v2\/types\/page"}],"author":[{"embeddable":true,"href":"https:\/\/ubv-sok.de\/index.php?rest_route=\/wp\/v2\/users\/2"}],"replies":[{"embeddable":true,"href":"https:\/\/ubv-sok.de\/index.php?rest_route=%2Fwp%2Fv2%2Fcomments&post=368"}],"version-history":[{"count":13,"href":"https:\/\/ubv-sok.de\/index.php?rest_route=\/wp\/v2\/pages\/368\/revisions"}],"predecessor-version":[{"id":1005,"href":"https:\/\/ubv-sok.de\/index.php?rest_route=\/wp\/v2\/pages\/368\/revisions\/1005"}],"up":[{"embeddable":true,"href":"https:\/\/ubv-sok.de\/index.php?rest_route=\/wp\/v2\/pages\/901"}],"wp:attachment":[{"href":"https:\/\/ubv-sok.de\/index.php?rest_route=%2Fwp%2Fv2%2Fmedia&parent=368"}],"curies":[{"name":"wp","href":"https:\/\/api.w.org\/{rel}","templated":true}]}}