{"id":270,"date":"2014-03-01T18:21:26","date_gmt":"2014-03-01T17:21:26","guid":{"rendered":"http:\/\/ubv-sok.de\/wordpress\/?page_id=270"},"modified":"2025-02-19T14:51:12","modified_gmt":"2025-02-19T13:51:12","slug":"impressum","status":"publish","type":"page","link":"https:\/\/ubv-sok.de\/?page_id=270","title":{"rendered":"Impressum und Datenschutz"},"content":{"rendered":"\r\n<figure class=\"wp-block-table is-style-stripes\">\r\n<p class=\"wp-block-table\"><span style=\"color: #000000;\"><strong>UBV Unabh\u00e4ngige B\u00fcrgervertretung Saale Orla e.V.<\/strong><\/span><\/p>\r\n<p><span style=\"color: #000000;\">\u2013 vertreten durch den Vorstand-<\/span><\/p>\r\n<ul>\r\n<li>Vorsitzender Toni Breternitz (Ranis)<\/li>\r\n<li>1. Stellvertreter Wolfgang Kleindienst (P\u00f6\u00dfneck)<\/li>\r\n<li>2. Stellvertreter Marcus Fiedler (Langenbuch)<\/li>\r\n<li>Schriftf\u00fchrer Christian Meyer (Bad Lobenstein) und<\/li>\r\n<li>Kassierer Lennart Scheffczyk (G\u00f6schitz)<\/li>\r\n<\/ul>\r\n<p><span style=\"color: #000000;\"><strong>Anschrift:<\/strong><\/span><br \/><span style=\"color: #000000;\">07907 G\u00f6schitz \u2013 Ortsstra\u00dfe 42<\/span><br \/><span style=\"color: #000000;\">Tel. (036648) 25 99 21<\/span><\/p>\r\n<p><span style=\"color: #000000;\"><strong>E-Mail:<\/strong>\u00a0<a style=\"color: #000000;\" href=\"mailto:info@ubv-sok.de\" target=\"_blank\" rel=\"noreferrer noopener\">info@ubv-sok.de<\/a><\/span><br \/><span style=\"color: #000000;\">eingetragener Verein VR250432<\/span><br \/><span style=\"color: #000000;\">Vereinsregister des Amtsgerichts P\u00f6\u00dfneck Zwst. Bad Lobenstein<\/span><br \/><span style=\"color: #000000;\">Satzung vom 02.10.1993<\/span><\/p>\r\n<p><a href=\"https:\/\/ubv-sok.de\/wp-content\/uploads\/UBV-Aufnahmeantrag.pdf\"><strong>Mitglied werden? &gt;&gt;&gt;&gt;&gt;&gt;<\/strong><\/a><\/p>\r\n<p><strong>Einfach Aufnahmeantrag ausdrucken &#8211; ausf\u00fcllen und an den Verein!<\/strong><\/p>\r\n<p><strong>Datenschutzerkl\u00e4rung<\/strong><\/p>\r\n<p><strong><span style=\"color: #000000;\">Kommentare<\/span><\/strong><\/p>\r\n<p><span style=\"color: #000000;\">Wenn Besucher Kommentare auf der Website schreiben, sammeln wir die Daten, die im Kommentar-Formular angezeigt werden, au\u00dferdem die IP-Adresse des Besuchers und den User-Agent-String (damit wird der Browser identifiziert), um die Erkennung von Spam zu unterst\u00fctzen.<\/span><\/p>\r\n<p><span style=\"color: #000000;\">\r\n\r\n<\/span><\/p>\r\n<p><span style=\"color: #000000;\">Aus deiner E-Mail-Adresse kann eine anonymisierte Zeichenfolge erstellt (auch Hash genannt) und dem Gravatar-Dienst \u00fcbergeben werden, um zu pr\u00fcfen, ob du diesen benutzt. Die Datenschutzerkl\u00e4rung des Gravatar-Dienstes findest du hier: https:\/\/automattic.com\/privacy\/. Nachdem dein Kommentar freigegeben wurde, ist dein Profilbild \u00f6ffentlich im Kontext deines Kommentars sichtbar.<\/span><\/p>\r\n<p><span style=\"color: #000000;\">\r\n\r\n<\/span><\/p>\r\n<p><strong><span style=\"color: #000000;\">Medien<\/span><\/strong><\/p>\r\n<p><span style=\"color: #000000;\">\r\n\r\n<\/span><\/p>\r\n<p><span style=\"color: #000000;\">Wenn du ein registrierter Benutzer bist und Fotos auf diese Website l\u00e4dst, solltest du vermeiden, Fotos mit einem EXIF-GPS-Standort hochzuladen. Besucher dieser Website k\u00f6nnten Fotos, die auf dieser Website gespeichert sind, herunterladen und deren Standort-Informationen extrahieren.<\/span><\/p>\r\n<p><span style=\"color: #000000;\">\r\n\r\n<\/span><\/p>\r\n<p class=\"wp-block-heading\"><strong><span style=\"color: #000000;\">Cookies<\/span><\/strong><\/p>\r\n<p><span style=\"color: #000000;\">\r\n\r\n<\/span><\/p>\r\n<p><span style=\"color: #000000;\">Wenn du einen Kommentar auf unserer Website schreibst, kann das eine Einwilligung sein, deinen Namen, E-Mail-Adresse und Website in Cookies zu speichern. Dies ist eine Komfortfunktion, damit du nicht, wenn du einen weiteren Kommentar schreibst, all diese Daten erneut eingeben musst. Diese Cookies werden ein Jahr lang gespeichert.<\/span><\/p>\r\n<p><span style=\"color: #000000;\">\r\n\r\n<\/span><\/p>\r\n<p><span style=\"color: #000000;\">Falls du ein Konto hast und dich auf dieser Website anmeldest, werden wir ein tempor\u00e4res Cookie setzen, um festzustellen, ob dein Browser Cookies akzeptiert. Dieses Cookie enth\u00e4lt keine personenbezogenen Daten und wird verworfen, wenn du deinen Browser schlie\u00dft.<\/span><\/p>\r\n<p><span style=\"color: #000000;\">\r\n\r\n<\/span><\/p>\r\n<p><span style=\"color: #000000;\">Wenn du dich anmeldest, werden wir einige Cookies einrichten, um deine Anmeldeinformationen und Anzeigeoptionen zu speichern. Anmelde-Cookies verfallen nach zwei Tagen und Cookies f\u00fcr die Anzeigeoptionen nach einem Jahr. Falls du bei der Anmeldung \u201eAngemeldet bleiben\u201c ausw\u00e4hlst, wird deine Anmeldung zwei Wochen lang aufrechterhalten. Mit der Abmeldung aus deinem Konto werden die Anmelde-Cookies gel\u00f6scht.<\/span><\/p>\r\n<p><span style=\"color: #000000;\">\r\n\r\n<\/span><\/p>\r\n<p><span style=\"color: #000000;\">Wenn du einen Artikel bearbeitest oder ver\u00f6ffentlichst, wird ein zus\u00e4tzlicher Cookie in deinem Browser gespeichert. Dieser Cookie enth\u00e4lt keine personenbezogenen Daten und verweist nur auf die Beitrags-ID des Artikels, den du gerade bearbeitet hast. Der Cookie verf\u00e4llt nach einem Tag.<\/span><\/p>\r\n<p><span style=\"color: #000000;\">\r\n\r\n<\/span><\/p>\r\n<p class=\"wp-block-heading\"><strong><span style=\"color: #000000;\">Eingebettete Inhalte von anderen Websites<\/span><\/strong><\/p>\r\n<p><span style=\"color: #000000;\">\r\n\r\n<\/span><\/p>\r\n<p><span style=\"color: #000000;\">Beitr\u00e4ge auf dieser Website k\u00f6nnen eingebettete Inhalte beinhalten (z.\u00a0B. Videos, Bilder, Beitr\u00e4ge etc.). Eingebettete Inhalte von anderen Websites verhalten sich exakt so, als ob der Besucher die andere Website besucht h\u00e4tte.<\/span><\/p>\r\n<p><span style=\"color: #000000;\">\r\n\r\n<\/span><\/p>\r\n<p><span style=\"color: #000000;\">Diese Websites k\u00f6nnen Daten \u00fcber dich sammeln, Cookies benutzen, zus\u00e4tzliche Tracking-Dienste von Dritten einbetten und deine Interaktion mit diesem eingebetteten Inhalt aufzeichnen, inklusive deiner Interaktion mit dem eingebetteten Inhalt, falls du ein Konto hast und auf dieser Website angemeldet bist.<\/span><\/p>\r\n<p><span style=\"color: #000000;\">\r\n\r\n<\/span><\/p>\r\n<p class=\"wp-block-heading\"><strong><span style=\"color: #000000;\">Mit wem wir deine Daten teilen<\/span><\/strong><\/p>\r\n<p><span style=\"color: #000000;\">\r\n\r\n<\/span><\/p>\r\n<p><span style=\"color: #000000;\">Wenn du eine Zur\u00fccksetzung des Passworts beantragst, wird deine IP-Adresse in der E-Mail zur Zur\u00fccksetzung enthalten sein.<\/span><\/p>\r\n<p><span style=\"color: #000000;\">\r\n\r\n<\/span><\/p>\r\n<h5 class=\"wp-block-heading\"><strong><span style=\"color: #000000;\">Wie lange wir deine Daten speichern<\/span><\/strong><\/h5>\r\n<p><span style=\"color: #000000;\">\r\n\r\n<\/span><\/p>\r\n<p><span style=\"color: #000000;\">Wenn du einen Kommentar schreibst, wird dieser inklusive Metadaten zeitlich unbegrenzt gespeichert. Auf diese Art k\u00f6nnen wir Folgekommentare automatisch erkennen und freigeben, anstatt sie in einer Moderations-Warteschlange festzuhalten.<\/span><\/p>\r\n<p><span style=\"color: #000000;\">\r\n\r\n<\/span><\/p>\r\n<p><span style=\"color: #000000;\">F\u00fcr Benutzer, die sich auf unserer Website registrieren, speichern wir zus\u00e4tzlich die pers\u00f6nlichen Informationen, die sie in ihren Benutzerprofilen angeben. Alle Benutzer k\u00f6nnen jederzeit ihre pers\u00f6nlichen Informationen einsehen, ver\u00e4ndern oder l\u00f6schen (der Benutzername kann nicht ver\u00e4ndert werden). Administratoren der Website k\u00f6nnen diese Informationen ebenfalls einsehen und ver\u00e4ndern.<\/span><\/p>\r\n<p><span style=\"color: #000000;\">\r\n\r\n<\/span><\/p>\r\n<p class=\"wp-block-heading\"><strong><span style=\"color: #000000;\">Welche Rechte du an deinen Daten hast<\/span><\/strong><\/p>\r\n<p><span style=\"color: #000000;\">\r\n\r\n<\/span><\/p>\r\n<p><span style=\"color: #000000;\">Wenn du ein Konto auf dieser Website besitzt oder Kommentare geschrieben hast, kannst du einen Export deiner personenbezogenen Daten bei uns anfordern, inklusive aller Daten, die du uns mitgeteilt hast. Dar\u00fcber hinaus kannst du die L\u00f6schung aller personenbezogenen Daten, die wir von dir gespeichert haben, anfordern. Dies umfasst nicht die Daten, die wir aufgrund administrativer, rechtlicher oder sicherheitsrelevanter Notwendigkeiten aufbewahren m\u00fcssen.<\/span><\/p>\r\n<p><span style=\"color: #000000;\">\r\n\r\n<\/span><\/p>\r\n<p class=\"wp-block-heading\"><strong><span style=\"color: #000000;\">Wohin deine Daten gesendet werden<\/span><\/strong><\/p>\r\n<p><span style=\"color: #000000;\">\r\n\r\n<\/span><\/p>\r\n<p><span style=\"color: #000000;\">Besucher-Kommentare k\u00f6nnten von einem automatisierten Dienst zur Spam-Erkennung untersucht werden.<\/span><\/p>\r\n<\/figure>\r\n<p><span style=\"color: #000000;\">\r\n\r\n<\/span><\/p>\r\n<div class=\"wp-block-group\">\r\n<div class=\"wp-block-group\">\r\n<figure class=\"wp-block-table is-style-stripes\"><\/figure>\r\n<span style=\"color: #000000;\"><\/span><\/div>\r\n<span style=\"color: #000000;\"><!-- \/wp:post-content --><\/span><\/div>\r\n<p><span style=\"color: #000000;\"><!-- \/wp:group -->\r\n\r\n<!-- wp:paragraph --><\/span><\/p>\r\n<p>&nbsp;<\/p>\r\n<!-- \/wp:paragraph -->","protected":false},"excerpt":{"rendered":"<p>UBV Unabh\u00e4ngige B\u00fcrgervertretung Saale Orla e.V. \u2013 vertreten durch den Vorstand- Vorsitzender Toni Breternitz (Ranis) 1. Stellvertreter Wolfgang Kleindienst (P\u00f6\u00dfneck) 2. Stellvertreter Marcus Fiedler (Langenbuch) Schriftf\u00fchrer Christian Meyer (Bad Lobenstein) und Kassierer Lennart Scheffczyk (G\u00f6schitz) Anschrift:07907 G\u00f6schitz \u2013 Ortsstra\u00dfe 42Tel. (036648) 25 99 21 E-Mail:\u00a0info@ubv-sok.deeingetragener Verein VR250432Vereinsregister des Amtsgerichts P\u00f6\u00dfneck Zwst. Bad LobensteinSatzung vom 02.10.1993 [&hellip;]<\/p>\n","protected":false},"author":2,"featured_media":0,"parent":0,"menu_order":5,"comment_status":"closed","ping_status":"closed","template":"","meta":{"footnotes":""},"class_list":["post-270","page","type-page","status-publish","hentry"],"_links":{"self":[{"href":"https:\/\/ubv-sok.de\/index.php?rest_route=\/wp\/v2\/pages\/270","targetHints":{"allow":["GET"]}}],"collection":[{"href":"https:\/\/ubv-sok.de\/index.php?rest_route=\/wp\/v2\/pages"}],"about":[{"href":"https:\/\/ubv-sok.de\/index.php?rest_route=\/wp\/v2\/types\/page"}],"author":[{"embeddable":true,"href":"https:\/\/ubv-sok.de\/index.php?rest_route=\/wp\/v2\/users\/2"}],"replies":[{"embeddable":true,"href":"https:\/\/ubv-sok.de\/index.php?rest_route=%2Fwp%2Fv2%2Fcomments&post=270"}],"version-history":[{"count":22,"href":"https:\/\/ubv-sok.de\/index.php?rest_route=\/wp\/v2\/pages\/270\/revisions"}],"predecessor-version":[{"id":1386,"href":"https:\/\/ubv-sok.de\/index.php?rest_route=\/wp\/v2\/pages\/270\/revisions\/1386"}],"wp:attachment":[{"href":"https:\/\/ubv-sok.de\/index.php?rest_route=%2Fwp%2Fv2%2Fmedia&parent=270"}],"curies":[{"name":"wp","href":"https:\/\/api.w.org\/{rel}","templated":true}]}}